{"id":111,"date":"2026-01-21T08:44:57","date_gmt":"2026-01-21T07:44:57","guid":{"rendered":"https:\/\/awb-gruppe.de\/en\/?page_id=111"},"modified":"2026-01-21T08:44:58","modified_gmt":"2026-01-21T07:44:58","slug":"2-0966-cual10ni5fe4-en","status":"publish","type":"page","link":"https:\/\/awb-gruppe.de\/en\/2-0966-cual10ni5fe4-en\/","title":{"rendered":"2.0966 \u2013 CuAl10Ni5Fe4"},"content":{"rendered":"\n<div class=\"wp-block-columns is-layout-flex wp-container-core-columns-is-layout-9d6595d7 wp-block-columns-is-layout-flex\">\n<div class=\"wp-block-column is-layout-flow wp-block-column-is-layout-flow\">\n<p><strong>Zerspanung von \u2026<\/strong><\/p>\n\n\n\n<h1 class=\"wp-block-heading\">2.0966 \u2013 CuAl10Ni5Fe4<\/h1>\n\n\n\n<p>Diese Kupfer-Aluminiumlegierung mit zugesetztem Nickel und Eisen besitzt eine hohe Festigkeit auch bei h\u00f6heren Temperaturen bis ca. 400 \u00b0C. Hohe Dauerwechselfestigkeit auch bei Korrosionsbeanspruchung. Best\u00e4ndig gegen\u00fcber neutralen und sauren, w\u00e4ssrigen Medien sowie Meerwasser. Gute Best\u00e4ndigkeit gegen Verzunderung, Erosion und Kavitation. Sehr hohe Verschlei\u00dffestigkeit. Gute Gleiteigenschaften bei Gegenwerkstoffen mit harten Oberfl\u00e4chen und bei einwandfreier Schmierung. Platten f\u00fcr Kondensator- und W\u00e4rme\u00fcbertragerb\u00f6den. Wellen, Schrauben, Verschlei\u00dfteile, Steuerteile f\u00fcr Hydraulik, Hei\u00dfdampfarmaturen. Mechanisch und chemisch beanspruchte Teile im Maschinen-, Schiff- und Bergbau.<\/p>\n\n\n\n<h2 class=\"wp-block-heading\">Einige M\u00f6glichkeiten der Bearbeitung:<\/h2>\n\n\n\n<ul class=\"wp-block-list\">\n<li>Drehen<\/li>\n\n\n\n<li>5-Achs-Fr\u00e4sen<\/li>\n\n\n\n<li>Erodieren<\/li>\n\n\n\n<li>Markieren<\/li>\n\n\n\n<li>usw.<\/li>\n<\/ul>\n<\/div>\n\n\n\n<div class=\"wp-block-column is-layout-flow wp-block-column-is-layout-flow\">\n<figure class=\"wp-block-image size-full\"><img decoding=\"async\" src=\"https:\/\/awb-gruppe.de\/wp-content\/uploads\/2-4668_1.jpg\" alt=\"2.0966 \u2013 CuAl10Ni5Fe4\" class=\"wp-image-473\"\/><\/figure>\n<\/div>\n<\/div>\n","protected":false},"excerpt":{"rendered":"<p>Zerspanung von \u2026 2.0966 \u2013 CuAl10Ni5Fe4 Diese Kupfer-Aluminiumlegierung mit zugesetztem Nickel und Eisen besitzt eine hohe Festigkeit auch bei h\u00f6heren Temperaturen bis ca. 400 \u00b0C. Hohe Dauerwechselfestigkeit auch bei Korrosionsbeanspruchung. Best\u00e4ndig gegen\u00fcber neutralen und sauren, w\u00e4ssrigen Medien sowie Meerwasser. Gute Best\u00e4ndigkeit gegen Verzunderung, Erosion und Kavitation. Sehr hohe Verschlei\u00dffestigkeit. Gute Gleiteigenschaften bei Gegenwerkstoffen mit harten [&hellip;]<\/p>\n","protected":false},"author":1,"featured_media":0,"parent":0,"menu_order":0,"comment_status":"closed","ping_status":"closed","template":"","meta":{"footnotes":""},"class_list":["post-111","page","type-page","status-publish","hentry"],"aioseo_notices":[],"_links":{"self":[{"href":"https:\/\/awb-gruppe.de\/en\/wp-json\/wp\/v2\/pages\/111","targetHints":{"allow":["GET"]}}],"collection":[{"href":"https:\/\/awb-gruppe.de\/en\/wp-json\/wp\/v2\/pages"}],"about":[{"href":"https:\/\/awb-gruppe.de\/en\/wp-json\/wp\/v2\/types\/page"}],"author":[{"embeddable":true,"href":"https:\/\/awb-gruppe.de\/en\/wp-json\/wp\/v2\/users\/1"}],"replies":[{"embeddable":true,"href":"https:\/\/awb-gruppe.de\/en\/wp-json\/wp\/v2\/comments?post=111"}],"version-history":[{"count":1,"href":"https:\/\/awb-gruppe.de\/en\/wp-json\/wp\/v2\/pages\/111\/revisions"}],"predecessor-version":[{"id":112,"href":"https:\/\/awb-gruppe.de\/en\/wp-json\/wp\/v2\/pages\/111\/revisions\/112"}],"wp:attachment":[{"href":"https:\/\/awb-gruppe.de\/en\/wp-json\/wp\/v2\/media?parent=111"}],"curies":[{"name":"wp","href":"https:\/\/api.w.org\/{rel}","templated":true}]}}